{"id":351,"date":"2025-02-06T11:01:16","date_gmt":"2025-02-06T09:01:16","guid":{"rendered":"https:\/\/ahti.local\/kasulikku\/"},"modified":"2025-02-07T09:49:36","modified_gmt":"2025-02-07T07:49:36","slug":"noderigi","status":"publish","type":"page","link":"https:\/\/www.metsavedu.ee\/lv\/noderigi\/","title":{"rendered":"NODER\u012aGI"},"content":{"rendered":"\n<div class=\"wp-block-uagb-container uagb-block-e38ab397 alignfull uagb-is-root-container\"><div class=\"uagb-container-inner-blocks-wrap\">\n<div class=\"wp-block-uagb-container uagb-block-d1336412\">\n<div class=\"wp-block-uagb-advanced-heading uagb-block-959b85df\"><p class=\"uagb-desc-text\">ESAM APKOPOJU\u0160I<\/p><h2 class=\"uagb-heading-text\">VAIR\u0100KAS NODER\u012aGAS T\u012aMEK\u013bA VIETNES<\/h2><\/div>\n\n\n\n<p>\u2013&nbsp;<a href=\"http:\/\/geoportaal.maaamet.ee\/\" target=\"_blank\" rel=\"noopener\">Maa-ameti kaardiserver<\/a><br>\u2013&nbsp;<a href=\"http:\/\/register.metsad.ee\/avalik\/\" target=\"_blank\" rel=\"noopener\">Metsaregister<\/a><br>\u2013&nbsp;<a href=\"http:\/\/www.keskkonnaamet.ee\/public\/images\/stories\/metsandus\/mt_vorm_2009.pdf\" target=\"_blank\" rel=\"noopener\">Metsateatis<\/a><br>\u2013&nbsp;<a href=\"https:\/\/www.eesti.ee\/est\/teenused\/kodanik\/keskkond_2\/metsateatise_esitamine\" target=\"_blank\" rel=\"noopener\">E-metsateatis<\/a><br>\u2013&nbsp;<a href=\"http:\/\/www.empl.ee\/\" target=\"_blank\" rel=\"noopener\">Eesti Metsa ja Puidut\u00f6\u00f6stuse Liit<\/a><br>\u2013&nbsp;<a href=\"http:\/\/www.elfond.ee\/\" target=\"_blank\" rel=\"noopener\">Eestimaa Looduse Fond<\/a><\/p>\n<\/div>\n\n\n\n<div class=\"wp-block-uagb-container uagb-block-7f258958\">\n<figure class=\"wp-block-image size-large\"><img decoding=\"async\" width=\"1024\" height=\"652\" src=\"https:\/\/www.metsavedu.ee\/wp-content\/uploads\/2025\/02\/1-1024x652.jpg\" alt=\"\" class=\"wp-image-298\" title=\"\" srcset=\"https:\/\/www.metsavedu.ee\/wp-content\/uploads\/2025\/02\/1-1024x652.jpg 1024w, https:\/\/www.metsavedu.ee\/wp-content\/uploads\/2025\/02\/1-300x191.jpg 300w, https:\/\/www.metsavedu.ee\/wp-content\/uploads\/2025\/02\/1-768x489.jpg 768w, https:\/\/www.metsavedu.ee\/wp-content\/uploads\/2025\/02\/1.jpg 1280w\" sizes=\"(max-width: 1024px) 100vw, 1024px\" \/><\/figure>\n<\/div>\n<\/div><\/div>\n\n\n\n<div class=\"wp-block-uagb-container uagb-block-53e24411 alignfull uagb-is-root-container\"><div class=\"uagb-container-inner-blocks-wrap\">\n<div class=\"wp-block-uagb-container uagb-block-07d7f8b9\">\n<div class=\"wp-block-uagb-advanced-heading uagb-block-06d3d112\"><h2 class=\"uagb-heading-text\"><em>Jums ir radies k\u0101ds jaut\u0101jums? Mekl\u0113jat uzticamu sadarb\u012bbas partneri? M\u0113s Jums pal\u012bdz\u0113sim!<\/em><\/h2><\/div>\n<\/div>\n\n\n\n<div class=\"wp-block-uagb-container uagb-block-5030cf90\">\n<div class=\"wp-block-uagb-buttons uagb-buttons__outer-wrap uagb-btn__default-btn uagb-btn-tablet__default-btn uagb-btn-mobile__default-btn uagb-block-7ffecddf\"><div class=\"uagb-buttons__wrap uagb-buttons-layout-wrap \">\n<div class=\"wp-block-uagb-buttons-child uagb-buttons__outer-wrap uagb-block-c8f7340a wp-block-button\"><div class=\"uagb-button__wrapper\"><a class=\"uagb-buttons-repeater wp-block-button__link\" aria-label=\"\" href=\"\/lv\/kontakti\/\" rel=\"follow noopener\" target=\"_self\" role=\"button\"><div class=\"uagb-button__link\">SAZINIETIES AR MUMS \u00bb<\/div><\/a><\/div><\/div>\n<\/div><\/div>\n<\/div>\n<\/div><\/div>\n","protected":false},"excerpt":{"rendered":"<p>Daudz noder\u012bgas inform\u0101cijas vien\u0101 viet\u0101<\/p>\n","protected":false},"author":2,"featured_media":304,"parent":0,"menu_order":0,"comment_status":"closed","ping_status":"closed","template":"","meta":{"_uag_custom_page_level_css":"","footnotes":""},"class_list":["post-351","page","type-page","status-publish","has-post-thumbnail","hentry"],"blocksy_meta":{"content_style_source":"inherit","vertical_spacing_source":"custom","content_area_spacing":"none","styles_descriptor":{"styles":{"desktop":"","tablet":"","mobile":""},"google_fonts":[],"version":6}},"uagb_featured_image_src":{"full":["https:\/\/www.metsavedu.ee\/wp-content\/uploads\/2025\/02\/3.jpg",1280,856,false],"thumbnail":["https:\/\/www.metsavedu.ee\/wp-content\/uploads\/2025\/02\/3-150x150.jpg",150,150,true],"medium":["https:\/\/www.metsavedu.ee\/wp-content\/uploads\/2025\/02\/3-300x201.jpg",300,201,true],"medium_large":["https:\/\/www.metsavedu.ee\/wp-content\/uploads\/2025\/02\/3-768x514.jpg",768,514,true],"large":["https:\/\/www.metsavedu.ee\/wp-content\/uploads\/2025\/02\/3-1024x685.jpg",1024,685,true],"1536x1536":["https:\/\/www.metsavedu.ee\/wp-content\/uploads\/2025\/02\/3.jpg",1280,856,false],"2048x2048":["https:\/\/www.metsavedu.ee\/wp-content\/uploads\/2025\/02\/3.jpg",1280,856,false]},"uagb_author_info":{"display_name":"Janek","author_link":"https:\/\/www.metsavedu.ee\/lv\/author\/janek\/"},"uagb_comment_info":0,"uagb_excerpt":"Daudz noder\u012bgas inform\u0101cijas vien\u0101 viet\u0101","_links":{"self":[{"href":"https:\/\/www.metsavedu.ee\/lv\/wp-json\/wp\/v2\/pages\/351","targetHints":{"allow":["GET"]}}],"collection":[{"href":"https:\/\/www.metsavedu.ee\/lv\/wp-json\/wp\/v2\/pages"}],"about":[{"href":"https:\/\/www.metsavedu.ee\/lv\/wp-json\/wp\/v2\/types\/page"}],"author":[{"embeddable":true,"href":"https:\/\/www.metsavedu.ee\/lv\/wp-json\/wp\/v2\/users\/2"}],"replies":[{"embeddable":true,"href":"https:\/\/www.metsavedu.ee\/lv\/wp-json\/wp\/v2\/comments?post=351"}],"version-history":[{"count":2,"href":"https:\/\/www.metsavedu.ee\/lv\/wp-json\/wp\/v2\/pages\/351\/revisions"}],"predecessor-version":[{"id":418,"href":"https:\/\/www.metsavedu.ee\/lv\/wp-json\/wp\/v2\/pages\/351\/revisions\/418"}],"wp:featuredmedia":[{"embeddable":true,"href":"https:\/\/www.metsavedu.ee\/lv\/wp-json\/wp\/v2\/media\/304"}],"wp:attachment":[{"href":"https:\/\/www.metsavedu.ee\/lv\/wp-json\/wp\/v2\/media?parent=351"}],"curies":[{"name":"wp","href":"https:\/\/api.w.org\/{rel}","templated":true}]}}