{"id":353,"date":"2025-02-06T10:41:05","date_gmt":"2025-02-06T08:41:05","guid":{"rendered":"https:\/\/ahti.local\/metsamajandus-metsatransport\/"},"modified":"2025-02-07T10:39:02","modified_gmt":"2025-02-07T08:39:02","slug":"metsamajandus-metsatransport","status":"publish","type":"page","link":"https:\/\/www.metsavedu.ee\/lv\/","title":{"rendered":"Me\u017eu apsaimnieko\u0161ana. Me\u017ea transports"},"content":{"rendered":"\n<div class=\"wp-block-uagb-container uagb-block-33a61a89 alignfull uagb-is-root-container\"><div class=\"uagb-container-inner-blocks-wrap\">\n<div data-aos= \"slide-down\" data-aos-duration=\"400\" data-aos-delay=\"0\" data-aos-easing=\"ease\" data-aos-once=\"true\" class=\"wp-block-uagb-advanced-heading uagb-block-2522377a\"><p class=\"uagb-desc-text\">M\u016bsu uz\u0146\u0113mumam jau ir<\/p><h2 class=\"uagb-heading-text\">VAIR\u0100K NEK\u0100 25 GADUS ILGA DARBA PIEREDZE<\/h2><\/div>\n\n\n\n<div data-aos= \"slide-up\" data-aos-duration=\"400\" data-aos-delay=\"0\" data-aos-easing=\"ease\" data-aos-once=\"true\" class=\"wp-block-uagb-advanced-heading uagb-block-63199149\"><h2 class=\"uagb-heading-text\">un kvalitat\u012bvu pakalpojumu snieg\u0161anai nepiecie\u0161am\u0101s prasmes me\u017esaimniec\u012bbas nozar\u0113<\/h2><\/div>\n\n\n\n<div data-aos= \"slide-right\" data-aos-duration=\"400\" data-aos-delay=\"0\" data-aos-easing=\"ease\" data-aos-once=\"true\" class=\"wp-block-uagb-buttons uagb-buttons__outer-wrap uagb-btn__medium-btn uagb-btn-tablet__default-btn uagb-btn-mobile__default-btn uagb-block-b2d49f12\"><div class=\"uagb-buttons__wrap uagb-buttons-layout-wrap \">\n<div class=\"wp-block-uagb-buttons-child uagb-buttons__outer-wrap uagb-block-537bbd44 wp-block-button\"><div class=\"uagb-button__wrapper\"><a class=\"uagb-buttons-repeater wp-block-button__link\" aria-label=\"\" href=\"\/lv\/kontakti\/\" rel=\"follow noopener\" target=\"_self\" role=\"button\"><div class=\"uagb-button__link\">SAZINIETIES AR MUMS \u00bb<\/div><\/a><\/div><\/div>\n<\/div><\/div>\n<\/div><\/div>\n\n\n\n<div class=\"wp-block-uagb-container uagb-block-b00425e2 alignfull uagb-is-root-container\"><div class=\"uagb-container-inner-blocks-wrap\">\n<div class=\"wp-block-uagb-advanced-heading uagb-block-a16d69a5\"><h2 class=\"uagb-heading-text\">PAR UZ\u0145\u0112MUMU<\/h2><\/div>\n\n\n\n<div class=\"wp-block-uagb-advanced-heading uagb-block-d67e40a6\"><h2 class=\"uagb-heading-text\">PRASMES UN IEMA\u0145AS S\u0100KOT NO 2000. GADA<\/h2><\/div>\n\n\n\n<p>2000. gad\u0101 dibin\u0101tais Strobus O\u00dc ir viet\u0113j\u0101 kapit\u0101la uz\u0146\u0113mums. M\u016bsu darb\u012bbas joma aptver me\u017eu apsaimnieko\u0161anu, kokmateri\u0101lu transportu, me\u017ea \u012bpa\u0161umu pirk\u0161anu un p\u0101rdo\u0161anu, cir\u0161u pirk\u0161anu, cir\u0161u izstr\u0101des un kokmateri\u0101lu nog\u0101d\u0101\u0161anu krautuv\u0113s. Me\u017esaimniec\u012bbas pakalpojumus sniedzam vis\u0101 Igaunijas teritorij\u0101. Kokmateri\u0101lus p\u0101rvad\u0101jam pa Igauniju, Somiju un ar\u012b Zviedriju.<\/p>\n<\/div><\/div>\n\n\n\n<div class=\"wp-block-uagb-container uagb-block-8da6387f alignfull uagb-is-root-container\"><div class=\"uagb-container-inner-blocks-wrap\">\n<div class=\"wp-block-uagb-container uagb-block-0ea611e1\">\n<div class=\"wp-block-uagb-advanced-heading uagb-block-ff254665\"><p class=\"uagb-desc-text\">M\u0113s esam<\/p><h3 class=\"uagb-heading-text\">AUGSTI KVALIFIC\u0112TA KOMANDA<\/h3><\/div>\n\n\n\n<p>God\u012bgums, lojalit\u0101te un profesionalit\u0101te ir m\u016bsu partnerattiec\u012bbas raksturojo\u0161i atsl\u0113gas v\u0101rdi. Pateicoties m\u016bsu sadarb\u012bbas partneru uztic\u012bbai un nevainojamai sadarb\u012bbai, m\u016bsu att\u012bst\u012bba ir norit\u0113jusi strauji un stabili.<\/p>\n<\/div>\n\n\n\n<div class=\"wp-block-uagb-container uagb-block-5a939d35\">\n<div class=\"wp-block-uagb-advanced-heading uagb-block-85807a0f\"><p class=\"uagb-desc-text\">Mums ir<\/p><h3 class=\"uagb-heading-text\">LIELA PIEREDZES BAG\u0100\u017dA<\/h3><\/div>\n\n\n\n<p>Savu darb\u012bbu uzs\u0101k\u0101m vair\u0101k nek\u0101 pirms 15 gadiem. \u0160aj\u0101 diezgan ilgaj\u0101 laika posm\u0101 m\u016bsu prasm\u012bg\u0101 komanda ir uzkr\u0101jusi pieredzi un apguvusi profesion\u0101lus darba pa\u0146\u0113mienus, kas garant\u0113s Jums stabilu un dro\u0161u sadarb\u012bbu.<\/p>\n<\/div>\n\n\n\n<div class=\"wp-block-uagb-container uagb-block-f571fcaa\">\n<div class=\"wp-block-uagb-advanced-heading uagb-block-e4d99854\"><p class=\"uagb-desc-text\">Pied\u0101v\u0101vam<\/p><h3 class=\"uagb-heading-text\">KVALITAT\u012aVUS PAKALPOJUMS<\/h3><\/div>\n\n\n\n<p>M\u0113s varam b\u016bt dro\u0161s un uzticams partneris \u0161\u0101d\u0101s me\u017esaimniec\u012bbas jom\u0101s: me\u017eu apsaimnieko\u0161ana, kokmateri\u0101lu transports, me\u017ea \u012bpa\u0161umu pirk\u0161ana un p\u0101rdo\u0161ana, cir\u0161u pirk\u0161ana, cir\u0161u izstr\u0101des un kokmateri\u0101lu nog\u0101d\u0101\u0161ana uz krautuv\u0113m.<\/p>\n<\/div>\n<\/div><\/div>\n\n\n\n<div class=\"wp-block-uagb-container uagb-block-94de5bcb alignfull uagb-is-root-container\"><div class=\"uagb-container-inner-blocks-wrap\">\n<div class=\"wp-block-uagb-container uagb-layout-flex uagb-block-d0ee3ce2\">\n<div class=\"wp-block-uagb-info-box uagb-block-c5262dc7 uagb-infobox__content-wrap  uagb-infobox-icon-left-title uagb-infobox-left uagb-infobox-image-valign-top\"><div class=\"uagb-ifb-content\"><div class=\"uagb-ifb-left-title-image\"><div class=\"uagb-ifb-icon-wrap\"><div class=\"uagb-iconbox-icon-wrap uagb-infobox-shape-circle\"><svg xmlns=\"https:\/\/www.w3.org\/2000\/svg\" viewBox=\"0 0 384 512\"><path d=\"M256 0v128h128L256 0zM224 128L224 0H48C21.49 0 0 21.49 0 48v416C0 490.5 21.49 512 48 512h288c26.51 0 48-21.49 48-48V160h-127.1C238.3 160 224 145.7 224 128zM64 72C64 67.63 67.63 64 72 64h80C156.4 64 160 67.63 160 72v16C160 92.38 156.4 96 152 96h-80C67.63 96 64 92.38 64 88V72zM64 136C64 131.6 67.63 128 72 128h80C156.4 128 160 131.6 160 136v16C160 156.4 156.4 160 152 160h-80C67.63 160 64 156.4 64 152V136zM304 384c8.875 0 16 7.125 16 16S312.9 416 304 416h-47.25c-16.38 0-31.25-9.125-38.63-23.88c-2.875-5.875-8-6.5-10.12-6.5s-7.25 .625-10 6.125l-7.75 15.38C187.6 412.6 181.1 416 176 416H174.9c-6.5-.5-12-4.75-14-11L144 354.6L133.4 386.5C127.5 404.1 111 416 92.38 416H80C71.13 416 64 408.9 64 400S71.13 384 80 384h12.38c4.875 0 9.125-3.125 10.62-7.625l18.25-54.63C124.5 311.9 133.6 305.3 144 305.3s19.5 6.625 22.75 16.5l13.88 41.63c19.75-16.25 54.13-9.75 66 14.12c2 4 6 6.5 10.12 6.5H304z\"><\/path><\/svg><\/div><\/div><div class=\"uagb-ifb-title-wrap\"><span class=\"uagb-ifb-title-prefix\">ME\u017dA \u012aPA\u0160UMU PIRK\u0160ANA<\/span><h3 class=\"uagb-ifb-title\">Nekustam\u0101 \u012bpa\u0161uma pirkuma l\u012bgums tiek sl\u0113gts k\u0101 notari\u0101lais akts. Lai sa\u0146emtu cenas pied\u0101v\u0101jumu, piezvaniet vai ats\u016btiet mums sava nekustam\u0101 \u012bpa\u0161uma kadastra numuru un kontaktdatus. Me\u017ea apsaimnieko\u0161anas pl\u0101ns vai me\u017ea inventariz\u0101cija nav vajadz\u012bga. Atbild\u0113sim bez kav\u0113\u0161an\u0101s.<\/h3><\/div><\/div><\/div><\/div>\n\n\n\n<div class=\"wp-block-uagb-info-box uagb-block-e02c77d5 uagb-infobox__content-wrap  uagb-infobox-icon-left-title uagb-infobox-left uagb-infobox-image-valign-top\"><div class=\"uagb-ifb-content\"><div class=\"uagb-ifb-left-title-image\"><div class=\"uagb-ifb-icon-wrap\"><div class=\"uagb-iconbox-icon-wrap uagb-infobox-shape-circle\"><svg xmlns=\"https:\/\/www.w3.org\/2000\/svg\" viewBox=\"0 0 512 512\"><path d=\"M256 32C114.6 32 .0272 125.1 .0272 240c0 49.63 21.35 94.98 56.97 130.7c-12.5 50.37-54.27 95.27-54.77 95.77c-2.25 2.25-2.875 5.734-1.5 8.734C1.979 478.2 4.75 480 8 480c66.25 0 115.1-31.76 140.6-51.39C181.2 440.9 217.6 448 256 448c141.4 0 255.1-93.13 255.1-208S397.4 32 256 32z\"><\/path><\/svg><\/div><\/div><div class=\"uagb-ifb-title-wrap\"><span class=\"uagb-ifb-title-prefix\">ME\u017dA CIRTES TIES\u012aBU PIRK\u0160ANA<\/span><h3 class=\"uagb-ifb-title\">Me\u017ea \u012bpa\u0161nieks me\u017ea cirtes ties\u012bbas var p\u0101rdot divos veidos: pamatojoties uz me\u017ea v\u0113rt\u012bbu un koku sortimentu. Pirmaj\u0101 gad\u012bjum\u0101 klients visu summu sa\u0146em p\u0113c me\u017ea dasto\u0161anas un l\u012bguma nosl\u0113g\u0161anas. Otraj\u0101 gad\u012bjum\u0101 gal\u012bgo summu \u012bpa\u0161nieks sa\u0146ems p\u0113c materi\u0101lu p\u0101rdo\u0161anas.<\/h3><\/div><\/div><\/div><\/div>\n\n\n\n<div class=\"wp-block-uagb-info-box uagb-block-8a531836 uagb-infobox__content-wrap  uagb-infobox-icon-left-title uagb-infobox-left uagb-infobox-image-valign-top\"><div class=\"uagb-ifb-content\"><div class=\"uagb-ifb-left-title-image\"><div class=\"uagb-ifb-icon-wrap\"><div class=\"uagb-iconbox-icon-wrap uagb-infobox-shape-circle\"><svg xmlns=\"https:\/\/www.w3.org\/2000\/svg\" viewBox=\"0 0 576 512\"><path d=\"M192 32C192 14.33 206.3 0 224 0H352C369.7 0 384 14.33 384 32V64H432C458.5 64 480 85.49 480 112V240L524.4 254.8C547.6 262.5 553.9 292.3 535.9 308.7L434.9 401.4C418.7 410.7 400.2 416.5 384 416.5C364.4 416.5 343.2 408.8 324.8 396.1C302.8 380.6 273.3 380.6 251.2 396.1C234 407.9 213.2 416.5 192 416.5C175.8 416.5 157.3 410.7 141.1 401.3L40.09 308.7C22.1 292.3 28.45 262.5 51.59 254.8L96 239.1V111.1C96 85.49 117.5 63.1 144 63.1H192V32zM160 218.7L267.8 182.7C280.9 178.4 295.1 178.4 308.2 182.7L416 218.7V128H160V218.7zM384 448C410.9 448 439.4 437.2 461.4 421.9L461.5 421.9C473.4 413.4 489.5 414.1 500.7 423.6C515 435.5 533.2 444.6 551.3 448.8C568.5 452.8 579.2 470.1 575.2 487.3C571.2 504.5 553.1 515.2 536.7 511.2C512.2 505.4 491.9 494.6 478.5 486.2C449.5 501.7 417 512 384 512C352.1 512 323.4 502.1 303.6 493.1C297.7 490.5 292.5 487.8 288 485.4C283.5 487.8 278.3 490.5 272.4 493.1C252.6 502.1 223.9 512 192 512C158.1 512 126.5 501.7 97.5 486.2C84.12 494.6 63.79 505.4 39.27 511.2C22.06 515.2 4.853 504.5 .8422 487.3C-3.169 470.1 7.532 452.8 24.74 448.8C42.84 444.6 60.96 435.5 75.31 423.6C86.46 414.1 102.6 413.4 114.5 421.9L114.6 421.9C136.7 437.2 165.1 448 192 448C219.5 448 247 437.4 269.5 421.9C280.6 414 295.4 414 306.5 421.9C328.1 437.4 356.5 448 384 448H384z\"><\/path><\/svg><\/div><\/div><div class=\"uagb-ifb-title-wrap\"><span class=\"uagb-ifb-title-prefix\">KOKMATERI\u0100LU TRANSPORTS<\/span><h3 class=\"uagb-ifb-title\">Kokmateri\u0101lu transporta pakalpojumu cenr\u0101dis atrodams izv\u0113lnes Pakalpojumi sada\u013c\u0101. Savu darb\u012bbu uzs\u0101k\u0101m vair\u0101k nek\u0101 pirms 15 gadiem. \u0160aj\u0101 diezgan ilgaj\u0101 laika posm\u0101 m\u016bsu prasm\u012bg\u0101 komanda ir uzkr\u0101jusi pieredzi un apguvusi profesion\u0101lus darba pa\u0146\u0113mienus, kas garant\u0113s Jums stabilu un dro\u0161u sadarb\u012bbu.<\/h3><\/div><\/div><\/div><\/div>\n\n\n\n<div class=\"wp-block-uagb-info-box uagb-block-28071036 uagb-infobox__content-wrap  uagb-infobox-icon-left-title uagb-infobox-left uagb-infobox-image-valign-top\"><div class=\"uagb-ifb-content\"><div class=\"uagb-ifb-left-title-image\"><div class=\"uagb-ifb-icon-wrap\"><div class=\"uagb-iconbox-icon-wrap uagb-infobox-shape-circle\"><svg xmlns=\"https:\/\/www.w3.org\/2000\/svg\" viewBox=\"0 0 640 512\"><path d=\"M416 32C451.3 32 480 60.65 480 96V144H528.8C545.6 144 561.5 151.5 572.2 164.5L630.1 236.4C636.8 243.5 640 252.5 640 261.7V352C640 369.7 625.7 384 608 384H606.4C607.4 389.2 608 394.5 608 400C608 444.2 572.2 480 528 480C483.8 480 448 444.2 448 400C448 394.5 448.6 389.2 449.6 384H286.4C287.4 389.2 288 394.5 288 400C288 444.2 252.2 480 208 480C181.8 480 158.6 467.4 144 448C129.4 467.4 106.2 480 80 480C35.82 480 0 444.2 0 400V96C0 60.65 28.65 32 64 32H416zM535 194.9C533.5 193.1 531.2 192 528.8 192H480V256H584.1L535 194.9zM528 432C545.7 432 560 417.7 560 400C560 382.3 545.7 368 528 368C510.3 368 496 382.3 496 400C496 417.7 510.3 432 528 432zM208 368C190.3 368 176 382.3 176 400C176 417.7 190.3 432 208 432C225.7 432 240 417.7 240 400C240 382.3 225.7 368 208 368zM80 432C97.67 432 112 417.7 112 400C112 382.3 97.67 368 80 368C62.33 368 48 382.3 48 400C48 417.7 62.33 432 80 432z\"><\/path><\/svg><\/div><\/div><div class=\"uagb-ifb-title-wrap\"><span class=\"uagb-ifb-title-prefix\">CIRTES IZSTR\u0100DES UN KOKMATERI\u0100LU NOG\u0100D\u0100\u0160ANA KRAUTUV\u0112S<\/span><h3 class=\"uagb-ifb-title\">Pied\u0101v\u0101jam \u0113rtu un videi draudz\u012bgu kokmateri\u0101lu p\u0101rstr\u0101des pakalpojumu. Izmantojam uzticamu un modernu tehniku, ar kuru darbus izpilda patiesi savas nozares profesion\u0101\u013ci. God\u012bgums, lojalit\u0101te un profesionalit\u0101te ir m\u016bsu partnerattiec\u012bbas raksturojo\u0161i atsl\u0113gas v\u0101rdi.<\/h3><\/div><\/div><\/div><\/div>\n<\/div>\n\n\n\n<div class=\"wp-block-uagb-container uagb-block-b54f34ae\">\n<div class=\"wp-block-uagb-image uagb-block-501124a5 wp-block-uagb-image--layout-default wp-block-uagb-image--effect-static wp-block-uagb-image--align-none\"><figure class=\"wp-block-uagb-image__figure\"><img decoding=\"async\" srcset=\"https:\/\/www.metsavedu.ee\/wp-content\/uploads\/2025\/02\/forest.png ,https:\/\/www.metsavedu.ee\/wp-content\/uploads\/2025\/02\/forest.png 780w, https:\/\/www.metsavedu.ee\/wp-content\/uploads\/2025\/02\/forest.png 360w\" sizes=\"auto, (max-width: 480px) 150px\" src=\"https:\/\/www.metsavedu.ee\/wp-content\/uploads\/2025\/02\/forest.png\" alt=\"Metsakinnistute ost\" class=\"uag-image-260\" width=\"381\" height=\"655\" title=\"Metsakinnistute ost\" loading=\"lazy\" role=\"img\"\/><\/figure><\/div>\n<\/div>\n<\/div><\/div>\n\n\n\n<div class=\"wp-block-uagb-container uagb-block-53e24411 alignfull uagb-is-root-container\"><div class=\"uagb-container-inner-blocks-wrap\">\n<div class=\"wp-block-uagb-container uagb-block-07d7f8b9\">\n<div class=\"wp-block-uagb-advanced-heading uagb-block-06d3d112\"><h2 class=\"uagb-heading-text\"><em>Jums ir radies k\u0101ds jaut\u0101jums? Mekl\u0113jat uzticamu sadarb\u012bbas partneri? M\u0113s Jums pal\u012bdz\u0113sim!<\/em><\/h2><\/div>\n<\/div>\n\n\n\n<div class=\"wp-block-uagb-container uagb-block-5030cf90\">\n<div class=\"wp-block-uagb-buttons uagb-buttons__outer-wrap uagb-btn__default-btn uagb-btn-tablet__default-btn uagb-btn-mobile__default-btn uagb-block-7ffecddf\"><div class=\"uagb-buttons__wrap uagb-buttons-layout-wrap \">\n<div class=\"wp-block-uagb-buttons-child uagb-buttons__outer-wrap uagb-block-c8f7340a wp-block-button\"><div class=\"uagb-button__wrapper\"><a class=\"uagb-buttons-repeater wp-block-button__link\" aria-label=\"\" href=\"\/lv\/kontakti\/\" rel=\"follow noopener\" target=\"_self\" role=\"button\"><div class=\"uagb-button__link\">SAZINIETIES AR MUMS \u00bb<\/div><\/a><\/div><\/div>\n<\/div><\/div>\n<\/div>\n<\/div><\/div>\n","protected":false},"excerpt":{"rendered":"<p>M\u016bsu uz\u0146\u0113mumam jau ir VAIR\u0100K NEK\u0100 25 GADUS ILGA DARBA PIEREDZE un kvalitat\u012bvu pakalpojumu snieg\u0161anai nepiecie\u0161am\u0101s prasmes me\u017esaimniec\u012bbas nozar\u0113 PAR UZ\u0145\u0112MUMU PRASMES UN IEMA\u0145AS S\u0100KOT NO 2000. GADA 2000. gad\u0101 dibin\u0101tais Strobus O\u00dc ir viet\u0113j\u0101 kapit\u0101la uz\u0146\u0113mums. M\u016bsu darb\u012bbas joma aptver me\u017eu apsaimnieko\u0161anu, kokmateri\u0101lu transportu, me\u017ea \u012bpa\u0161umu pirk\u0161anu un p\u0101rdo\u0161anu, cir\u0161u pirk\u0161anu, cir\u0161u izstr\u0101des un [&hellip;]<\/p>\n","protected":false},"author":2,"featured_media":0,"parent":0,"menu_order":0,"comment_status":"closed","ping_status":"closed","template":"","meta":{"_uag_custom_page_level_css":"","footnotes":""},"class_list":["post-353","page","type-page","status-publish","hentry"],"blocksy_meta":{"has_hero_section":"disabled","vertical_spacing_source":"custom","content_area_spacing":"none","styles_descriptor":{"styles":{"desktop":"","tablet":"","mobile":""},"google_fonts":[],"version":6}},"uagb_featured_image_src":{"full":false,"thumbnail":false,"medium":false,"medium_large":false,"large":false,"1536x1536":false,"2048x2048":false},"uagb_author_info":{"display_name":"Janek","author_link":"https:\/\/www.metsavedu.ee\/lv\/author\/janek\/"},"uagb_comment_info":0,"uagb_excerpt":"M\u016bsu uz\u0146\u0113mumam jau ir VAIR\u0100K NEK\u0100 25 GADUS ILGA DARBA PIEREDZE un kvalitat\u012bvu pakalpojumu snieg\u0161anai nepiecie\u0161am\u0101s prasmes me\u017esaimniec\u012bbas nozar\u0113 PAR UZ\u0145\u0112MUMU PRASMES UN IEMA\u0145AS S\u0100KOT NO 2000. GADA 2000. gad\u0101 dibin\u0101tais Strobus O\u00dc ir viet\u0113j\u0101 kapit\u0101la uz\u0146\u0113mums. M\u016bsu darb\u012bbas joma aptver me\u017eu apsaimnieko\u0161anu, kokmateri\u0101lu transportu, me\u017ea \u012bpa\u0161umu pirk\u0161anu un p\u0101rdo\u0161anu, cir\u0161u pirk\u0161anu, cir\u0161u izstr\u0101des un&hellip;","_links":{"self":[{"href":"https:\/\/www.metsavedu.ee\/lv\/wp-json\/wp\/v2\/pages\/353","targetHints":{"allow":["GET"]}}],"collection":[{"href":"https:\/\/www.metsavedu.ee\/lv\/wp-json\/wp\/v2\/pages"}],"about":[{"href":"https:\/\/www.metsavedu.ee\/lv\/wp-json\/wp\/v2\/types\/page"}],"author":[{"embeddable":true,"href":"https:\/\/www.metsavedu.ee\/lv\/wp-json\/wp\/v2\/users\/2"}],"replies":[{"embeddable":true,"href":"https:\/\/www.metsavedu.ee\/lv\/wp-json\/wp\/v2\/comments?post=353"}],"version-history":[{"count":3,"href":"https:\/\/www.metsavedu.ee\/lv\/wp-json\/wp\/v2\/pages\/353\/revisions"}],"predecessor-version":[{"id":441,"href":"https:\/\/www.metsavedu.ee\/lv\/wp-json\/wp\/v2\/pages\/353\/revisions\/441"}],"wp:attachment":[{"href":"https:\/\/www.metsavedu.ee\/lv\/wp-json\/wp\/v2\/media?parent=353"}],"curies":[{"name":"wp","href":"https:\/\/api.w.org\/{rel}","templated":true}]}}