{"id":355,"date":"2025-02-06T10:42:23","date_gmt":"2025-02-06T08:42:23","guid":{"rendered":"https:\/\/ahti.local\/firmast\/"},"modified":"2025-02-07T10:13:49","modified_gmt":"2025-02-07T08:13:49","slug":"par-mums","status":"publish","type":"page","link":"https:\/\/www.metsavedu.ee\/lv\/par-mums\/","title":{"rendered":"PAR MUMS"},"content":{"rendered":"\n<div class=\"wp-block-uagb-container uagb-block-e38ab397 alignfull uagb-is-root-container\"><div class=\"uagb-container-inner-blocks-wrap\">\n<div class=\"wp-block-uagb-container uagb-block-d1336412\">\n<div class=\"wp-block-uagb-advanced-heading uagb-block-959b85df\"><h2 class=\"uagb-heading-text\">VAIR\u0100K NEK\u0100 25 GADUS ILGA DARBA PIEREDZE<\/h2><\/div>\n\n\n\n<p>2000. gad\u0101 dibin\u0101tais Strobus O\u00dc ir viet\u0113j\u0101 kapit\u0101la uz\u0146\u0113mums.<\/p>\n\n\n\n<p>Me\u017esaimniec\u012bbas pakalpojumus sniedzam vis\u0101 Igaunijas teritorij\u0101. Kokmateri\u0101lus p\u0101rvad\u0101jam pa Igauniju, Somiju un ar\u012b Zviedriju.<\/p>\n\n\n\n<p>M\u0113s varam b\u016bt dro\u0161s un uzticams partneris \u0161\u0101d\u0101s me\u017esaimniec\u012bbas jom\u0101s: me\u017ea apsaimnieko\u0161ana, kokmateri\u0101lu transports, me\u017ea \u012bpa\u0161umu pirk\u0161ana un p\u0101rdo\u0161ana, cir\u0161u pirk\u0161ana, cir\u0161u izstr\u0101des un kokmateri\u0101lu nog\u0101d\u0101\u0161ana krautuv\u0113s.<\/p>\n\n\n\n<div class=\"wp-block-uagb-buttons uagb-buttons__outer-wrap uagb-btn__default-btn uagb-btn-tablet__default-btn uagb-btn-mobile__default-btn uagb-block-0129c661\"><div class=\"uagb-buttons__wrap uagb-buttons-layout-wrap \">\n<div class=\"wp-block-uagb-buttons-child uagb-buttons__outer-wrap uagb-block-5142d1a2 wp-block-button\"><div class=\"uagb-button__wrapper\"><a class=\"uagb-buttons-repeater wp-block-button__link\" aria-label=\"\" href=\"\/lv\/pakalpojumi\/\" rel=\"follow noopener\" target=\"_self\" role=\"button\"><div class=\"uagb-button__link\">S\u012aK\u0100KA INFORM\u0100CIJA PAR M\u016aSU PAKALPOJUMIEM \u00bb<\/div><\/a><\/div><\/div>\n<\/div><\/div>\n<\/div>\n\n\n\n<div class=\"wp-block-uagb-container uagb-block-7f258958\">\n<figure class=\"wp-block-image size-large\"><img decoding=\"async\" width=\"1700\" height=\"1133\" src=\"https:\/\/www.metsavedu.ee\/wp-content\/uploads\/2025\/02\/2-1024x682.jpg\" alt=\"\" class=\"wp-image-191\" title=\"\" srcset=\"https:\/\/www.metsavedu.ee\/wp-content\/uploads\/2025\/02\/2-1024x682.jpg 1024w, https:\/\/www.metsavedu.ee\/wp-content\/uploads\/2025\/02\/2-300x200.jpg 300w, https:\/\/www.metsavedu.ee\/wp-content\/uploads\/2025\/02\/2-768x512.jpg 768w, https:\/\/www.metsavedu.ee\/wp-content\/uploads\/2025\/02\/2-1536x1024.jpg 1536w, https:\/\/www.metsavedu.ee\/wp-content\/uploads\/2025\/02\/2.jpg 1700w\" sizes=\"(max-width: 1700px) 100vw, 1700px\" \/><\/figure>\n<\/div>\n<\/div><\/div>\n\n\n\n<div class=\"wp-block-uagb-container uagb-block-b00425e2 alignfull uagb-is-root-container\"><div class=\"uagb-container-inner-blocks-wrap\">\n<div class=\"wp-block-uagb-advanced-heading uagb-block-a16d69a5\"><h2 class=\"uagb-heading-text\">SAV\u0100 DARB\u012aB\u0100 IEV\u0112ROJAM<\/h2><\/div>\n\n\n\n<div class=\"wp-block-uagb-advanced-heading uagb-block-d67e40a6\"><h2 class=\"uagb-heading-text\">PRET VIDI SAUDZ\u012aGAS UN ILGTSP\u0112J\u012aGAS APSAIMNIEKO\u0160ANAS PRINCIPUS<\/h2><\/div>\n\n\n\n<p>M\u016bsu m\u0113r\u0137is ir apg\u0101d\u0101t klientus ar Igaunijas kokmateri\u0101liem un nodro\u0161in\u0101t vi\u0146iem iesp\u0113jami individu\u0101lu pieeju. Sav\u0101 darb\u012bb\u0101 m\u0113s vispirms pamatojamies uz saudz\u012bgu attieksmi pret vidi un me\u017eu ilgtsp\u0113j\u012bgu apsaimnieko\u0161anu, lai tie saglab\u0101tos n\u0101kamaj\u0101m paaudz\u0113m un jaunajiem me\u017eu \u012bpa\u0161niekiem.<\/p>\n\n\n\n<p>Visus darbus izpild\u0101m iev\u0113rojot sp\u0113k\u0101 eso\u0161os normat\u012bvos aktus.<\/p>\n<\/div><\/div>\n\n\n\n<div class=\"wp-block-uagb-container uagb-block-53e24411 alignfull uagb-is-root-container\"><div class=\"uagb-container-inner-blocks-wrap\">\n<div class=\"wp-block-uagb-container uagb-block-07d7f8b9\">\n<div class=\"wp-block-uagb-advanced-heading uagb-block-06d3d112\"><h2 class=\"uagb-heading-text\"><em>Jums ir radies k\u0101ds jaut\u0101jums? Mekl\u0113jat uzticamu sadarb\u012bbas partneri? M\u0113s Jums pal\u012bdz\u0113sim!<\/em><\/h2><\/div>\n<\/div>\n\n\n\n<div class=\"wp-block-uagb-container uagb-block-5030cf90\">\n<div class=\"wp-block-uagb-buttons uagb-buttons__outer-wrap uagb-btn__default-btn uagb-btn-tablet__default-btn uagb-btn-mobile__default-btn uagb-block-7ffecddf\"><div class=\"uagb-buttons__wrap uagb-buttons-layout-wrap \">\n<div class=\"wp-block-uagb-buttons-child uagb-buttons__outer-wrap uagb-block-c8f7340a wp-block-button\"><div class=\"uagb-button__wrapper\"><a class=\"uagb-buttons-repeater wp-block-button__link\" aria-label=\"\" href=\"\/lv\/kontakti\/\" rel=\"follow noopener\" target=\"_self\" role=\"button\"><div class=\"uagb-button__link\">SAZINIETIES AR MUMS \u00bb<\/div><\/a><\/div><\/div>\n<\/div><\/div>\n<\/div>\n<\/div><\/div>\n","protected":false},"excerpt":{"rendered":"<p>Prasmes un pieredze s\u0101kot no 2000. gada<\/p>\n","protected":false},"author":2,"featured_media":189,"parent":0,"menu_order":0,"comment_status":"closed","ping_status":"closed","template":"","meta":{"_uag_custom_page_level_css":"","footnotes":""},"class_list":["post-355","page","type-page","status-publish","has-post-thumbnail","hentry"],"blocksy_meta":{"vertical_spacing_source":"custom","content_area_spacing":"none","styles_descriptor":{"styles":{"desktop":"","tablet":"","mobile":""},"google_fonts":[],"version":6}},"uagb_featured_image_src":{"full":["https:\/\/www.metsavedu.ee\/wp-content\/uploads\/2025\/02\/firmast.jpg",1280,499,false],"thumbnail":["https:\/\/www.metsavedu.ee\/wp-content\/uploads\/2025\/02\/firmast-150x150.jpg",150,150,true],"medium":["https:\/\/www.metsavedu.ee\/wp-content\/uploads\/2025\/02\/firmast-300x117.jpg",300,117,true],"medium_large":["https:\/\/www.metsavedu.ee\/wp-content\/uploads\/2025\/02\/firmast-768x299.jpg",768,299,true],"large":["https:\/\/www.metsavedu.ee\/wp-content\/uploads\/2025\/02\/firmast-1024x399.jpg",1024,399,true],"1536x1536":["https:\/\/www.metsavedu.ee\/wp-content\/uploads\/2025\/02\/firmast.jpg",1280,499,false],"2048x2048":["https:\/\/www.metsavedu.ee\/wp-content\/uploads\/2025\/02\/firmast.jpg",1280,499,false]},"uagb_author_info":{"display_name":"Janek","author_link":"https:\/\/www.metsavedu.ee\/lv\/author\/janek\/"},"uagb_comment_info":0,"uagb_excerpt":"Prasmes un pieredze s\u0101kot no 2000. gada","_links":{"self":[{"href":"https:\/\/www.metsavedu.ee\/lv\/wp-json\/wp\/v2\/pages\/355","targetHints":{"allow":["GET"]}}],"collection":[{"href":"https:\/\/www.metsavedu.ee\/lv\/wp-json\/wp\/v2\/pages"}],"about":[{"href":"https:\/\/www.metsavedu.ee\/lv\/wp-json\/wp\/v2\/types\/page"}],"author":[{"embeddable":true,"href":"https:\/\/www.metsavedu.ee\/lv\/wp-json\/wp\/v2\/users\/2"}],"replies":[{"embeddable":true,"href":"https:\/\/www.metsavedu.ee\/lv\/wp-json\/wp\/v2\/comments?post=355"}],"version-history":[{"count":4,"href":"https:\/\/www.metsavedu.ee\/lv\/wp-json\/wp\/v2\/pages\/355\/revisions"}],"predecessor-version":[{"id":439,"href":"https:\/\/www.metsavedu.ee\/lv\/wp-json\/wp\/v2\/pages\/355\/revisions\/439"}],"wp:featuredmedia":[{"embeddable":true,"href":"https:\/\/www.metsavedu.ee\/lv\/wp-json\/wp\/v2\/media\/189"}],"wp:attachment":[{"href":"https:\/\/www.metsavedu.ee\/lv\/wp-json\/wp\/v2\/media?parent=355"}],"curies":[{"name":"wp","href":"https:\/\/api.w.org\/{rel}","templated":true}]}}